{"id":777,"date":"2018-06-28T16:42:01","date_gmt":"2018-06-28T19:42:01","guid":{"rendered":"https:\/\/isfd61-bue.infd.edu.ar\/sitio\/historia\/"},"modified":"2023-10-24T18:26:59","modified_gmt":"2023-10-24T21:26:59","slug":"historia","status":"publish","type":"page","link":"https:\/\/isfd61-bue.infd.edu.ar\/sitio\/historia\/","title":{"rendered":"Historia"},"content":{"rendered":"<p><span style=\"font-size: 12pt;\"><strong>El I.S.F.D. N\u00ba 61 de Carlos Tejedor comienza a funcionar como anexo al I.S.F.D N\u00ba 13 de Pehuaj\u00f3 el 8 de mayo de 1981.<\/strong><\/span><\/p>\n<p><span style=\"font-size: 12pt;\"><strong>Esta situaci\u00f3n\u00a0 perdura hasta el a\u00f1o\u00a0 1986, etapa en que\u00a0 pasa a ser un instituto aut\u00f3nomo; dando\u00a0 un paso m\u00e1s hacia sus propia identidad.<\/strong><\/span><\/p>\n<p><span style=\"font-size: 12pt;\"><strong>\u00a0Desde principios esta instituci\u00f3n ofreci\u00f3 diferentes carreras como lo fueron en su momento: Maestro Especializado en Educaci\u00f3n Primaria, Maestro Especializado en Educaci\u00f3n Inicial, Profesorado Especializado en Jard\u00edn Maternal; Maestro Especializado en Adultos, Maestro Especializado en Retardo Mental; Asistente Educacional; T\u00e9cnico Superior en Administraci\u00f3n Agraria; Capacitaci\u00f3n para Supervisi\u00f3n Docente (Nivel I, Nivel II y Nivel III); Capacitaci\u00f3n Docente (Nivel I-II).<\/strong><\/span><\/p>\n<p><span style=\"font-size: 12pt;\"><span style=\"font-size: 12pt;\"><b>En el a\u00f1o 1999 el I.S.F.D. <\/b><\/span><span style=\"font-size: 16px;\"><b>N\u00ba<\/b><\/span><span style=\"font-size: 12pt;\"><b>\u00a061 comienza a trabajar con el sistema de RED; siendo necesarios acuerdos previos con el Instituto N\u00ba 148 de Pehuaj\u00f3. Este sistema permite a\u00a0 los alumnos que tienen aprobado el espacio de la Fundamentaci\u00f3n, poder comenzar a cursar en dicho Instituto los Espacios de la Especialidad correspondiente. Dicho sistema de trabajo se mantiene hasta el momento.<\/b><\/span><\/span><\/p>\n<p><strong><span style=\"font-size: 12pt;\">Actualmente se cursan Profesorado de Educaci\u00f3n Inicial, Profesorado de Educaci\u00f3n Primaria y Profesorado de Educaci\u00f3n Especial (Modalidad Discapacidad Intelectual).<\/span><\/strong><\/p>\n","protected":false},"excerpt":{"rendered":"<p>El I.S.F.D. N\u00ba 61 de Carlos Tejedor comienza a funcionar como anexo al I.S.F.D N\u00ba 13 de Pehuaj\u00f3 el 8 de mayo de 1981. Esta situaci\u00f3n\u00a0 perdura hasta el a\u00f1o\u00a0 1986, etapa en que\u00a0 pasa a ser un instituto aut\u00f3nomo; dando\u00a0 un paso m\u00e1s hacia sus propia identidad. \u00a0Desde principios esta instituci\u00f3n ofreci\u00f3 diferentes carreras &#8230; <a title=\"Historia\" class=\"read-more\" href=\"https:\/\/isfd61-bue.infd.edu.ar\/sitio\/historia\/\" aria-label=\"More on Historia\">[+]<\/a><\/p>\n","protected":false},"author":248,"featured_media":0,"parent":0,"menu_order":0,"comment_status":"closed","ping_status":"closed","template":"","meta":[],"acf":[],"_links":{"self":[{"href":"https:\/\/isfd61-bue.infd.edu.ar\/sitio\/wp-json\/wp\/v2\/pages\/777"}],"collection":[{"href":"https:\/\/isfd61-bue.infd.edu.ar\/sitio\/wp-json\/wp\/v2\/pages"}],"about":[{"href":"https:\/\/isfd61-bue.infd.edu.ar\/sitio\/wp-json\/wp\/v2\/types\/page"}],"author":[{"embeddable":true,"href":"https:\/\/isfd61-bue.infd.edu.ar\/sitio\/wp-json\/wp\/v2\/users\/248"}],"replies":[{"embeddable":true,"href":"https:\/\/isfd61-bue.infd.edu.ar\/sitio\/wp-json\/wp\/v2\/comments?post=777"}],"version-history":[{"count":2,"href":"https:\/\/isfd61-bue.infd.edu.ar\/sitio\/wp-json\/wp\/v2\/pages\/777\/revisions"}],"predecessor-version":[{"id":880,"href":"https:\/\/isfd61-bue.infd.edu.ar\/sitio\/wp-json\/wp\/v2\/pages\/777\/revisions\/880"}],"wp:attachment":[{"href":"https:\/\/isfd61-bue.infd.edu.ar\/sitio\/wp-json\/wp\/v2\/media?parent=777"}],"curies":[{"name":"wp","href":"https:\/\/api.w.org\/{rel}","templated":true}]}}