{"id":775,"date":"2018-06-28T16:42:00","date_gmt":"2018-06-28T19:42:00","guid":{"rendered":"https:\/\/isfd61-bue.infd.edu.ar\/sitio\/autoridades\/"},"modified":"2025-07-10T18:41:58","modified_gmt":"2025-07-10T21:41:58","slug":"autoridades","status":"publish","type":"page","link":"https:\/\/isfd61-bue.infd.edu.ar\/sitio\/autoridades\/","title":{"rendered":"Autoridades"},"content":{"rendered":"<p class=\"Resaltado2\"><strong>DIRECTOR:<\/strong><\/p>\n<p>Prof. ADRI\u00c1N RAMAZZOTTI<\/p>\n<p class=\"Resaltado2\"><strong>SECRETARIA:<\/strong><\/p>\n<p>Prof.\u00a0 SILVINA SANCHEZ<\/p>\n<p class=\"Resaltado2\"><strong>PRECEPTORES:<\/strong><\/p>\n<p>Prof. Jos\u00e9 Luis Agudo<\/p>\n<p>Prof. Angela Ca\u00f1ibano<\/p>\n<p class=\"Resaltado2\"><strong>BIBLIOTECARIA:<\/strong><\/p>\n<p>Sra. Rosana Estigarribia (Suplente Sra. Carla Del Valle)<\/p>\n<p class=\"Resaltado2\"><strong>PERSONAL AUXILIAR:<\/strong><\/p>\n<p>Sra. Sara Rodr\u00edguez<\/p>\n<p>Sra. Ana Mar\u00eda Greevey<\/p>\n<p>Sra. Mariela Hern\u00e1ndez<\/p>\n","protected":false},"excerpt":{"rendered":"<p>DIRECTOR: Prof. ADRI\u00c1N RAMAZZOTTI SECRETARIA: Prof.\u00a0 SILVINA SANCHEZ PRECEPTORES: Prof. Jos\u00e9 Luis Agudo Prof. Angela Ca\u00f1ibano BIBLIOTECARIA: Sra. Rosana Estigarribia (Suplente Sra. Carla Del Valle) PERSONAL AUXILIAR: Sra. Sara Rodr\u00edguez Sra. Ana Mar\u00eda Greevey Sra. Mariela Hern\u00e1ndez<\/p>\n","protected":false},"author":248,"featured_media":0,"parent":0,"menu_order":0,"comment_status":"closed","ping_status":"closed","template":"","meta":[],"acf":[],"_links":{"self":[{"href":"https:\/\/isfd61-bue.infd.edu.ar\/sitio\/wp-json\/wp\/v2\/pages\/775"}],"collection":[{"href":"https:\/\/isfd61-bue.infd.edu.ar\/sitio\/wp-json\/wp\/v2\/pages"}],"about":[{"href":"https:\/\/isfd61-bue.infd.edu.ar\/sitio\/wp-json\/wp\/v2\/types\/page"}],"author":[{"embeddable":true,"href":"https:\/\/isfd61-bue.infd.edu.ar\/sitio\/wp-json\/wp\/v2\/users\/248"}],"replies":[{"embeddable":true,"href":"https:\/\/isfd61-bue.infd.edu.ar\/sitio\/wp-json\/wp\/v2\/comments?post=775"}],"version-history":[{"count":6,"href":"https:\/\/isfd61-bue.infd.edu.ar\/sitio\/wp-json\/wp\/v2\/pages\/775\/revisions"}],"predecessor-version":[{"id":891,"href":"https:\/\/isfd61-bue.infd.edu.ar\/sitio\/wp-json\/wp\/v2\/pages\/775\/revisions\/891"}],"wp:attachment":[{"href":"https:\/\/isfd61-bue.infd.edu.ar\/sitio\/wp-json\/wp\/v2\/media?parent=775"}],"curies":[{"name":"wp","href":"https:\/\/api.w.org\/{rel}","templated":true}]}}