{"id":770,"date":"2018-06-28T16:41:57","date_gmt":"2018-06-28T19:41:57","guid":{"rendered":"https:\/\/isfd61-bue.infd.edu.ar\/sitio\/docentes\/"},"modified":"2023-10-24T18:34:36","modified_gmt":"2023-10-24T21:34:36","slug":"docentes","status":"publish","type":"page","link":"https:\/\/isfd61-bue.infd.edu.ar\/sitio\/docentes\/","title":{"rendered":"Docentes"},"content":{"rendered":"\n<figure class=\"wp-block-table\"><table><tbody><tr><td><strong>Profesorado de EDUCACION INICIAL&nbsp;<\/strong><strong>1<sup>er<\/sup> A\u00d1O<\/strong><\/td><\/tr><tr><td><strong>ESPACIO CURRICULAR<\/strong><\/td><td><strong>DOCENTE<\/strong><\/td><\/tr><tr><td>PEDAGOGIA<\/td><td>MOTTA, ESTEBAN<\/td><\/tr><tr><td>TADI<\/td><td>BELOSO, MATIAS<\/td><\/tr><tr><td>PR\u00c1CTICA<\/td><\/tr><tr><td>CORPOREIDAD Y MOTRICIDAD<\/td><td>CHAZARRETA, EUGENIA<\/td><\/tr><tr><td>FILOSOF\u00cdA<\/td><td>RODRIGUEZ, MARIO<\/td><\/tr><tr><td>DIDACTICA GRAL<\/td><td>MOTTA, ESTEBAN<\/td><\/tr><tr><td>ANALISIS MUNDO CONTEMPORANEO<\/td><td>ALDABE, ANA<\/td><\/tr><tr><td>TALLER DE LECTURA, ESC. Y ORALIDAD<\/td><td>CASALINI, LORENA<\/td><\/tr><tr><td>EDUCACION TEMPRANA<\/td><td>DE VEGA, CECILIA<\/td><\/tr><tr><td>PSICOLOG\u00cdA DEL DESARROLLO<\/td><td>TONDO, MARIA CRISTINA<\/td><\/tr><tr><td>TALLER PENSAMIENTO LOGICO&nbsp; MATEMATICO<\/td><td>MEDOC, MARIANA<\/td><\/tr><\/tbody><\/table><\/figure>\n\n\n\n<figure class=\"wp-block-table\"><table><tbody><tr><td>\n<p style=\"text-align: center;\"><strong>Profesorado de EDUCACION INICIAL 2<sup>do<\/sup><\/strong><strong>&nbsp;A\u00d1O<\/strong><\/p>\n<\/td><\/tr><tr><td><strong>ESPACIO CURRICULAR<\/strong><\/td><td>\n<p style=\"text-align: center;\"><strong>DOCENTE<\/strong><\/p>\n<\/td><\/tr><tr><td>PR\u00c1CTICA<\/td><td>&nbsp;<\/td><\/tr><tr><td>PSIC. SOCIAL<\/td><td>DE VEGA, CECILIA<\/td><\/tr><tr><td>TEOR\u00cdA SOC POL Y EDUCACI\u00d3N<\/td><td>RAMAZZOTTI, ADRIAN<\/td><\/tr><tr><td>DID\u00c1CTICA Y CURRICULUM<\/td><td>&nbsp;<\/td><\/tr><tr><td>DID\u00c1CTICA CS SOCIALES<\/td><td>BRIZUELA, YANINA<\/td><\/tr><tr><td>DID\u00c1CTICA CS NATURALES<\/td><td>DE VEGA, ANA LAURA<\/td><\/tr><tr><td>DIDACTICA DE PRACTICAS DEL LENGUAJE Y LIT.<\/td><td>CASALINI, LORENA<\/td><\/tr><tr><td>DID\u00c1CTICA DE LA MATEM\u00c1TICA<\/td><td>MEDOC, MARIANA<\/td><\/tr><tr><td>PSIC. DEL DESARROLLO Y APREND.<\/td><td>TONDO, MARIA CRISTINA<\/td><\/tr><tr><td>EDUCAC\u00d3N PL\u00c1STICA<\/td><td>AGUERO, VERONICA<\/td><\/tr><tr><td>CULTURA COM. Y EDUCACI\u00d3N<\/td><td>AGUIRRE, NESTOR FABIAN<\/td><\/tr><\/tbody><\/table><\/figure>\n\n\n\n<figure class=\"wp-block-table\"><table><tbody><tr><td>\n<p style=\"text-align: center;\"><strong>Profesorado de EDUCACION INICIAL 3<sup>er<\/sup><\/strong><strong> A\u00d1O<\/strong><\/p>\n<\/td><\/tr><tr><td><strong>ESPACIO CURRICULAR<\/strong><\/td><td>\n<p style=\"text-align: center;\"><strong>DOCENTE<\/strong><\/p>\n<\/td><\/tr><tr><td>TALLER DE LIT. INFANTIL<\/td><td>CASALINI, LORENA<\/td><\/tr><tr><td>P. MAT. Y OBJ. LUDICOS<\/td><td>AGUERO, VERONICA<\/td><\/tr><tr><td>TALLER CS SOCIALES<\/td><td>CURUTCHET, LILIANA<\/td><\/tr><tr><td>JUEGO Y DES. INFANTIL<\/td><td>DE VEGA. CECILIA<\/td><\/tr><tr><td>TALLER DE ORTOGRAFIA<\/td><td>CASALINI, LORENA<\/td><\/tr><tr><td>TALLER DE DID\u00c1CTICA NAT.<\/td><td>DE VEGA, ANA LAURA<\/td><\/tr><tr><td>HISTORIA Y PROSPECTIVA DE LA ED.<\/td><td>RAMAZZOTTI, ADRIAN<br>RAMAZZOTTI, ADRIAN<\/td><\/tr><tr><td>POLIT. LEG Y ADM. ESCOLAR<\/td><\/tr><tr><td>EDUCACI\u00d3N MUSICAL<\/td><td>GALLO, SERGIO<\/td><\/tr><tr><td>FONIATR\u00cdA<\/td><td>FAR\u00cdAS, MARA<\/td><\/tr><tr><td>EDUCACI\u00d3N FISICA ESCOLAR<\/td><td>BRAUN, CAROLINA<\/td><\/tr><tr><td>PR\u00c1CTICA<\/td><td>VAREA, SILVIA<\/td><\/tr><tr><td>T. DIDAC. DE LA MATEM\u00c1TICA<\/td><td>MEDOC, MARIANA<\/td><\/tr><\/tbody><\/table><\/figure>\n\n\n\n<figure class=\"wp-block-table\"><table><tbody><tr><td>\n<p style=\"text-align: center;\"><strong>Profesorado de EDUCACION INICIAL 4<sup>to<\/sup><\/strong><strong>&nbsp;A\u00d1O<\/strong><\/p>\n<\/td><\/tr><tr><td><strong>ESPACIO CURRICULAR<\/strong><\/td><td>\n<p style=\"text-align: center;\"><strong>DOCENTE<\/strong><\/p>\n<\/td><\/tr><tr><td>&nbsp;AT. NUEVAS EXP. ART\u00cdSTICAS<\/td><td>&nbsp;FERREIRA, AYELEN<\/td><\/tr><tr><td>AT. MATEM\u00c1TICA<\/td><td>MEDOC, MARIANA<\/td><\/tr><tr><td>AT. SOCIALES Y SOCIEDAD<\/td><td>CURUTCHET, LILIANA<\/td><\/tr><tr><td>AT. NATURALES Y SOCIEDAD<\/td><td>DE VEGA, ANA LAURA<\/td><\/tr><tr><td>AT. PRACT. DEL LENGUAJE<\/td><td>CASALINI, LORENA<\/td><\/tr><tr><td>PRACTICA<\/td><td>&nbsp;<\/td><\/tr><tr><td>REFLEXI\u00d3N FFICA DE LA EDUC.<\/td><td>RAMAZZOTTI, ADRIAN<\/td><\/tr><tr><td>DIMENSION ETICO POLITICA DE LA PRACTICA DOCENTE<\/td><\/tr><\/tbody><\/table><\/figure>\n\n\n\n<figure class=\"wp-block-table\"><table><tbody><tr><td><strong>Profesorado de EDUCACION PRIMARIA <\/strong><strong>1<sup>er<\/sup> A\u00d1O<\/strong><\/td><\/tr><tr><td><strong>ESPACIO CURRICULAR<\/strong><\/td><td><strong>DOCENTE<\/strong><\/td><\/tr><tr><td>PEDAGOGIA<\/td><td>AGUIRRE, NESTOR FABIAN<\/td><\/tr><tr><td>TADI<\/td><td>BELOSO, MATIAS<\/td><\/tr><tr><td>PR\u00c1CTICA<\/td><td>&nbsp;<\/td><\/tr><tr><td>CORPOREIDAD Y MOTRICIDAD<\/td><td>BRAUN, CAROLINA<\/td><\/tr><tr><td>FILOSOF\u00cdA<\/td><td>RAMAZZOTTI, ADRIAN<\/td><\/tr><tr><td>DIDACTICA GRAL<\/td><td>MOTTA, ESTEBAN<\/td><\/tr><tr><td>ANALISIS MUNDO CONTEMPORANEO<\/td><td>ALDABE, ANA<\/td><\/tr><tr><td>TALLER DE LECTURA, ESC. Y ORALIDAD<\/td><td>CASALINI, LORENA<\/td><\/tr><tr><td>PSICOLOG\u00cdA DEL DESARROLLO<\/td><td>TONDO, MARIA CRISTINA<\/td><\/tr><tr><td>TALLER PENSAMIENTO LOGICO&nbsp; MATEMATICO<\/td><td>MEDOC, MARIANA<\/td><\/tr><tr><td>ARTE Y EDUCACI\u00d3N<\/td><td>AGUERO, VERONICA<\/td><\/tr><\/tbody><\/table><\/figure>\n\n\n\n<figure class=\"wp-block-table\"><table><tbody><tr><td>\n<p style=\"text-align: center;\"><strong>Profesorado de EDUCACION PRIMARIA 2<sup>do<\/sup><\/strong><strong>&nbsp;A\u00d1O<\/strong><\/p>\n<\/td><\/tr><tr><td><strong>ESPACIO CURRICULAR<\/strong><\/td><td>\n<p style=\"text-align: center;\"><strong>DOCENTE<\/strong><\/p>\n<\/td><\/tr><tr><td>PR\u00c1CTICA<\/td><td>&nbsp;<\/td><\/tr><tr><td>PSIC. SOCIAL<\/td><td>DE VEGA, CECILIA<\/td><\/tr><tr><td>TEOR\u00cdA SOC POL Y EDUCACI\u00d3N<\/td><td>RAMAZZOTTI, ADRIAN<\/td><\/tr><tr><td>DID\u00c1CTICA Y CURRICULUM<\/td><td>&nbsp;<\/td><\/tr><tr><td>DID\u00c1CTICA CS SOCIALES<\/td><td>CURUTCHET, LILIANA<\/td><\/tr><tr><td>DID\u00c1CTICA CS NATURALES<\/td><td>DE VEGA, ANA LAURA<\/td><\/tr><tr><td>DID\u00c1CTICA PRACT. LENGUAJE<\/td><td>CASALINI, LORENA<\/td><\/tr><tr><td>DID\u00c1CTICA DE LA MATEM\u00c1TICA<\/td><td>CABRERA, DANIELA<\/td><\/tr><tr><td>PSIC. DEL DESARROLLO Y APREND.<\/td><td>DE VEGA, CECILIA<\/td><\/tr><tr><td>EDUCACI\u00d3N PL\u00c1STICA<\/td><td>AGUERO, VERONICA<\/td><\/tr><tr><td>CULTURA COM. Y EDUCACI\u00d3N<\/td><td>AGUIRRE, NESTOR FABIAN<\/td><\/tr><\/tbody><\/table><\/figure>\n\n\n\n<figure class=\"wp-block-table\"><table><tbody><tr><td>\n<p style=\"text-align: center;\"><strong>Profesorado de EDUCACION PRIMARIA 3<sup>er<\/sup><\/strong><strong> A\u00d1O<\/strong><\/p>\n<\/td><\/tr><tr><td><strong>ESPACIO CURRICULAR<\/strong><\/td><td>\n<p style=\"text-align: center;\"><strong>DOCENTE<\/strong><\/p>\n<\/td><\/tr><tr><td>DID, PRACT. LENGUAJE<\/td><td>CASALINI, LORENA<\/td><\/tr><tr><td>TALLER DE TEATRO<\/td><td>ABALOS, MALEN<\/td><\/tr><tr><td>TALLER CS SOCIALES<\/td><td>CURUTCHET, LILIANA<\/td><\/tr><tr><td>TALLER DE DID\u00c1CTICA NAT.<\/td><td>DE VEGA, ANA LAURA<\/td><\/tr><tr><td>HISTORIA Y PROSPECTIVA DE LA ED.<\/td><td>RAMAZZOTTI, ADRIAN<br>RAMAZZOTTI, ADRI\u00c1N<\/td><\/tr><tr><td>POLIT. LEG Y ADM. ESCOLAR<\/td><\/tr><tr><td>EDUCACI\u00d3N MUSICAL<\/td><td>GALLO, SERGIO<\/td><\/tr><tr><td>FONIATR\u00cdA<\/td><td>FAR\u00cdAS, MARA<\/td><\/tr><tr><td>EDUCACI\u00d3N FISICA ESCOLAR<\/td><td>BRAUN, CAROLINA<\/td><\/tr><tr><td>PR\u00c1CTICA<\/td><td>&nbsp;<\/td><\/tr><tr><td>T. DIDAC. DE LA MATEM\u00c1TICA<\/td><td>MEDOC, MARIANA<\/td><\/tr><\/tbody><\/table><\/figure>\n\n\n\n<figure class=\"wp-block-table\"><table><tbody><tr><td>\n<p style=\"text-align: center;\"><strong>Profesorado de EDUCACION PRIMARIA 4<sup>to<\/sup><\/strong><strong>&nbsp;A\u00d1O<\/strong><\/p>\n<\/td><\/tr><tr><td><strong>ESPACIO CURRICULAR<\/strong><\/td><td>\n<p style=\"text-align: center;\"><strong>DOCENTE<\/strong><\/p>\n<\/td><\/tr><tr><td>&nbsp;AT. NUEVAS EXP. ART\u00cdSTICAS<\/td><td>&nbsp;FERREIRA, AYELEN<\/td><\/tr><tr><td>AT. MATEM\u00c1TICA<\/td><td>MEDOC, MARIANA<\/td><\/tr><tr><td>AT. SOCIALES Y SOCIEDAD<\/td><td>CURUTCHET, LILIANA<\/td><\/tr><tr><td>AT. NATURALES Y SOCIEDAD<\/td><td>DE VEGA, ANA LAURA<\/td><\/tr><tr><td>AT. PRACT. DEL LENGUAJE<\/td><td>CASALINI, LORENA<\/td><\/tr><tr><td>PRACTICA<\/td><td>&nbsp;<\/td><\/tr><tr><td>REFLEXI\u00d3N FFICA DE LA EDUC.<\/td><td>RAMAZZOTTI, ADRIAN<\/td><\/tr><tr><td>DIMENSION ETICO POLITICA DE LA PRACTICA DOCENTE<\/td><\/tr><\/tbody><\/table><\/figure>\n","protected":false},"excerpt":{"rendered":"<p>Profesorado de EDUCACION INICIAL&nbsp;1er A\u00d1O ESPACIO CURRICULAR DOCENTE PEDAGOGIA MOTTA, ESTEBAN TADI BELOSO, MATIAS PR\u00c1CTICA CORPOREIDAD Y MOTRICIDAD CHAZARRETA, EUGENIA FILOSOF\u00cdA RODRIGUEZ, MARIO DIDACTICA GRAL MOTTA, ESTEBAN ANALISIS MUNDO CONTEMPORANEO ALDABE, ANA TALLER DE LECTURA, ESC. Y ORALIDAD CASALINI, LORENA EDUCACION TEMPRANA DE VEGA, CECILIA PSICOLOG\u00cdA DEL DESARROLLO TONDO, MARIA CRISTINA TALLER PENSAMIENTO LOGICO&nbsp; MATEMATICO &#8230; <a title=\"Docentes\" class=\"read-more\" href=\"https:\/\/isfd61-bue.infd.edu.ar\/sitio\/docentes\/\" aria-label=\"More on Docentes\">[+]<\/a><\/p>\n","protected":false},"author":248,"featured_media":0,"parent":0,"menu_order":0,"comment_status":"closed","ping_status":"closed","template":"","meta":[],"acf":[],"_links":{"self":[{"href":"https:\/\/isfd61-bue.infd.edu.ar\/sitio\/wp-json\/wp\/v2\/pages\/770"}],"collection":[{"href":"https:\/\/isfd61-bue.infd.edu.ar\/sitio\/wp-json\/wp\/v2\/pages"}],"about":[{"href":"https:\/\/isfd61-bue.infd.edu.ar\/sitio\/wp-json\/wp\/v2\/types\/page"}],"author":[{"embeddable":true,"href":"https:\/\/isfd61-bue.infd.edu.ar\/sitio\/wp-json\/wp\/v2\/users\/248"}],"replies":[{"embeddable":true,"href":"https:\/\/isfd61-bue.infd.edu.ar\/sitio\/wp-json\/wp\/v2\/comments?post=770"}],"version-history":[{"count":4,"href":"https:\/\/isfd61-bue.infd.edu.ar\/sitio\/wp-json\/wp\/v2\/pages\/770\/revisions"}],"predecessor-version":[{"id":885,"href":"https:\/\/isfd61-bue.infd.edu.ar\/sitio\/wp-json\/wp\/v2\/pages\/770\/revisions\/885"}],"wp:attachment":[{"href":"https:\/\/isfd61-bue.infd.edu.ar\/sitio\/wp-json\/wp\/v2\/media?parent=770"}],"curies":[{"name":"wp","href":"https:\/\/api.w.org\/{rel}","templated":true}]}}